{"id":4553,"date":"2025-02-21T14:42:46","date_gmt":"2025-02-21T14:42:46","guid":{"rendered":"https:\/\/dtvvisas.com\/?page_id=4553"},"modified":"2025-02-22T06:57:17","modified_gmt":"2025-02-22T06:57:17","slug":"enrollment-fees","status":"publish","type":"page","link":"https:\/\/dtvvisas.com\/fr\/enrollment-fees\/","title":{"rendered":"Co\u00fbt"},"content":{"rendered":"<div data-elementor-type=\"wp-page\" data-elementor-id=\"4553\" class=\"elementor elementor-4553\" data-elementor-post-type=\"page\">\n\t\t\t\t\t\t<section class=\"elementor-section elementor-top-section elementor-element elementor-element-e10a826 elementor-section-stretched elementor-section-boxed elementor-section-height-default elementor-section-height-default\" data-id=\"e10a826\" data-element_type=\"section\" data-e-type=\"section\" data-settings=\"{&quot;background_background&quot;:&quot;classic&quot;,&quot;stretch_section&quot;:&quot;section-stretched&quot;}\">\n\t\t\t\t\t\t\t<div class=\"elementor-background-overlay\"><\/div>\n\t\t\t\t\t\t\t<div class=\"elementor-container elementor-column-gap-default\">\n\t\t\t\t\t<div class=\"elementor-column elementor-col-100 elementor-top-column elementor-element elementor-element-9f16b22\" data-id=\"9f16b22\" data-element_type=\"column\" data-e-type=\"column\">\n\t\t\t<div class=\"elementor-widget-wrap elementor-element-populated\">\n\t\t\t\t\t\t<div class=\"elementor-element elementor-element-a7ff59b elementor-widget elementor-widget-heading\" data-id=\"a7ff59b\" data-element_type=\"widget\" data-e-type=\"widget\" data-widget_type=\"heading.default\">\n\t\t\t\t<div class=\"elementor-widget-container\">\n\t\t\t\t\t<h1 class=\"elementor-heading-title elementor-size-default translation-block\">Co\u00fbt<br>Demande de visa DTV<\/h1>\t\t\t\t<\/div>\n\t\t\t\t<\/div>\n\t\t\t\t\t<\/div>\n\t\t<\/div>\n\t\t\t\t\t<\/div>\n\t\t<\/section>\n\t\t<div class=\"elementor-element elementor-element-ce1c682 e-flex e-con-boxed e-con e-parent\" data-id=\"ce1c682\" data-element_type=\"container\" data-e-type=\"container\">\n\t\t\t\t\t<div class=\"e-con-inner\">\n\t\t\t\t<div class=\"elementor-element elementor-element-f7ae91d elementor-widget elementor-widget-heading\" data-id=\"f7ae91d\" data-element_type=\"widget\" data-e-type=\"widget\" data-widget_type=\"heading.default\">\n\t\t\t\t<div class=\"elementor-widget-container\">\n\t\t\t\t\t<h2 class=\"elementor-heading-title elementor-size-default\">Co\u00fbt de la demande de visa DTV : Informations importantes \u00e0 savoir<\/h2>\t\t\t\t<\/div>\n\t\t\t\t<\/div>\n\t\t\t\t<div class=\"elementor-element elementor-element-7573ca9 elementor-widget elementor-widget-text-editor\" data-id=\"7573ca9\" data-element_type=\"widget\" data-e-type=\"widget\" data-widget_type=\"text-editor.default\">\n\t\t\t\t<div class=\"elementor-widget-container\">\n\t\t\t\t\t\t\t\t\t<p>Le co\u00fbt de la demande de visa DTV varie en fonction de la situation du demandeur et de la pr\u00e9paration des documents. Le visa DTV est un type de visa longue dur\u00e9e pour la Tha\u00eflande, g\u00e9n\u00e9ralement propos\u00e9 \u00e0 un co\u00fbt raisonnable par rapport \u00e0 d'autres visas longue dur\u00e9e tels que le visa conjoint, le visa retraite, le visa d'affaires ou le visa \u00e9tudiant.<\/p><p class=\"translation-block\"><strong>Pour les candidats ayant des documents complets :<\/strong>\n\nSi vous avez tous les documents n\u00e9cessaires, comme un certificat de travail \u00e0 distance, et que vous pouvez faire la demande en ligne depuis votre pays d'origine, le co\u00fbt estim\u00e9 commence \u00e0 <strong>10 000 THB<\/strong> (ou \u00e9quivalent en autre devise).\n<strong>Co\u00fbts suppl\u00e9mentaires possibles :<\/strong>\n\nCeux qui ont besoin d'une assistance pour la pr\u00e9paration des documents peuvent encourir des frais suppl\u00e9mentaires, comme les frais de service des agences (variables).\nLes candidats actuellement en Tha\u00eflande qui doivent se rendre dans une ambassade tha\u00eflandaise d'un pays voisin (ex. Laos ou Vietnam) auront des frais de voyage suppl\u00e9mentaires.\n<strong>Les frais de demande de visa DTV<\/strong> varient g\u00e9n\u00e9ralement entre <strong>10 000 \u2013 15 000 THB<\/strong>.\n<strong>Les frais d\u2019agence<\/strong> pour le traitement du visa varient entre <strong>8 000 \u2013 120 000 THB<\/strong>.\n<strong>Frais de traitement des documents par DTV Visas<\/strong> (veuillez vous renseigner pour plus de d\u00e9tails).<\/p><p class=\"translation-block\"><strong>Facteurs influen\u00e7ant les co\u00fbts :<\/strong><br>\u2013 Pr\u00e9paration des documents : Les candidats ayant des documents complets et exacts peuvent \u00e9conomiser sur les frais.<br>\u2013 Demande en autonomie : Faire la demande de visa en ligne par soi-m\u00eame peut r\u00e9duire les frais d\u2019agent.<br>\u2013 Lieu de demande de visa : Les frais et les co\u00fbts de d\u00e9placement peuvent varier selon l\u2019ambassade ou le consulat.<\/p><p class=\"translation-block\"><strong>Recommandations :<\/strong><br>\u2013 \u00c9tudiez les informations et pr\u00e9parez vos documents avant de faire votre demande de visa.<br>\u2013 Consid\u00e9rez la pertinence de faire appel \u00e0 un agent (agence).<br>\u2013 V\u00e9rifiez les informations sur les frais et les co\u00fbts \u00e0 partir de sources fiables, comme le site Web de l'ambassade de Tha\u00eflande ou celui de DTV Visas.<\/p><p class=\"translation-block\"><strong>Remarque :<\/strong> Les informations sur les co\u00fbts fournies sont approximatives et peuvent \u00eatre modifi\u00e9es. Veuillez v\u00e9rifier les d\u00e9tails les plus r\u00e9cents aupr\u00e8s de sources fiables avant de prendre toute mesure.<\/p>\t\t\t\t\t\t\t\t<\/div>\n\t\t\t\t<\/div>\n\t\t\t\t\t<\/div>\n\t\t\t\t<\/div>\n\t\t\t\t<\/div>","protected":false},"excerpt":{"rendered":"<p>\u0e04\u0e48\u0e32\u0e43\u0e0a\u0e49\u0e08\u0e48\u0e32\u0e22\u0e01\u0e32\u0e23\u0e02\u0e2d\u0e27\u0e35\u0e0b\u0e48\u0e32 DTV \u0e04\u0e48\u0e32\u0e43\u0e0a\u0e49\u0e08\u0e48\u0e32\u0e22\u0e43\u0e19\u0e01\u0e32\u0e23\u0e02\u0e2d\u0e27\u0e35\u0e0b\u0e48\u0e32 DTV: \u0e02\u0e49\u0e2d\u0e21\u0e39\u0e25\u0e17\u0e35\u0e48\u0e04\u0e27\u0e23\u0e23\u0e39\u0e49 \u0e04\u0e48\u0e32\u0e43\u0e0a\u0e49\u0e08\u0e48\u0e32\u0e22\u0e43\u0e19\u0e01\u0e32\u0e23\u0e02\u0e2d\u0e27\u0e35\u0e0b\u0e48\u0e32 DTV \u0e41\u0e15\u0e01\u0e15\u0e48\u0e32\u0e07\u0e01\u0e31\u0e19\u0e44\u0e1b\u0e02\u0e36\u0e49\u0e19\u0e2d\u0e22\u0e39\u0e48\u0e01\u0e31\u0e1a\u0e2a\u0e16\u0e32\u0e19\u0e01\u0e32\u0e23\u0e13\u0e4c\u0e41\u0e25\u0e30\u0e04\u0e27\u0e32\u0e21\u0e1e\u0e23\u0e49\u0e2d\u0e21\u0e14\u0e49\u0e32\u0e19\u0e40\u0e2d\u0e01\u0e2a\u0e32\u0e23\u0e02\u0e2d\u0e07\u0e1c\u0e39\u0e49\u0e2a\u0e21\u0e31\u0e04\u0e23\u0e41\u0e15\u0e48\u0e25\u0e30\u0e23\u0e32\u0e22 \u0e27\u0e35\u0e0b\u0e48\u0e32 DTV \u0e40\u0e1b\u0e47\u0e19\u0e27\u0e35\u0e0b\u0e48\u0e32\u0e23\u0e30\u0e22\u0e30\u0e22\u0e32\u0e27\u0e1b\u0e23\u0e30\u0e40\u0e20\u0e17\u0e2b\u0e19\u0e36\u0e48\u0e07\u0e02\u0e2d\u0e07\u0e1b\u0e23\u0e30\u0e40\u0e17\u0e28\u0e44\u0e17\u0e22 \u0e0b\u0e36\u0e48\u0e07\u0e42\u0e14\u0e22\u0e17\u0e31\u0e48\u0e27\u0e44\u0e1b\u0e41\u0e25\u0e49\u0e27\u0e21\u0e35\u0e04\u0e48\u0e32\u0e43\u0e0a\u0e49\u0e08\u0e48\u0e32\u0e22\u0e17\u0e35\u0e48\u0e2a\u0e21\u0e40\u0e2b\u0e15\u0e38\u0e2a\u0e21\u0e1c\u0e25\u0e40\u0e21\u0e37\u0e48\u0e2d\u0e40\u0e1b\u0e23\u0e35\u0e22\u0e1a\u0e40\u0e17\u0e35\u0e22\u0e1a\u0e01\u0e31\u0e1a\u0e27\u0e35\u0e0b\u0e48\u0e32\u0e23\u0e30\u0e22\u0e30\u0e22\u0e32\u0e27\u0e1b\u0e23\u0e30\u0e40\u0e20\u0e17\u0e2d\u0e37\u0e48\u0e19\u0e46 \u0e40\u0e0a\u0e48\u0e19 \u0e27\u0e35\u0e0b\u0e48\u0e32\u0e04\u0e39\u0e48\u0e2a\u0e21\u0e23\u0e2a \u0e27\u0e35\u0e0b\u0e48\u0e32\u0e40\u0e01\u0e29\u0e35\u0e22\u0e13\u0e2d\u0e32\u0e22\u0e38 \u0e27\u0e35\u0e0b\u0e48\u0e32\u0e18\u0e38\u0e23\u0e01\u0e34\u0e08 \u0e2b\u0e23\u0e37\u0e2d\u0e27\u0e35\u0e0b\u0e48\u0e32\u0e19\u0e31\u0e01\u0e40\u0e23\u0e35\u0e22\u0e19 \u0e04\u0e48\u0e32\u0e43\u0e0a\u0e49\u0e08\u0e48\u0e32\u0e22\u0e42\u0e14\u0e22\u0e1b\u0e23\u0e30\u0e21\u0e32\u0e13:&#8211; \u0e1c\u0e39\u0e49\u0e17\u0e35\u0e48\u0e21\u0e35\u0e40\u0e2d\u0e01\u0e2a\u0e32\u0e23\u0e1e\u0e23\u0e49\u0e2d\u0e21:&#8211; \u0e2a\u0e33\u0e2b\u0e23\u0e31\u0e1a\u0e1c\u0e39\u0e49\u0e17\u0e35\u0e48\u0e21\u0e35\u0e40\u0e2d\u0e01\u0e2a\u0e32\u0e23\u0e04\u0e23\u0e1a\u0e16\u0e49\u0e27\u0e19 \u0e40\u0e0a\u0e48\u0e19 \u0e2b\u0e19\u0e31\u0e07\u0e2a\u0e37\u0e2d\u0e23\u0e31\u0e1a\u0e23\u0e2d\u0e07\u0e01\u0e32\u0e23\u0e17\u0e33\u0e07\u0e32\u0e19\u0e17\u0e32\u0e07\u0e44\u0e01\u0e25 \u0e41\u0e25\u0e30\u0e2a\u0e32\u0e21\u0e32\u0e23\u0e16\u0e22\u0e37\u0e48\u0e19\u0e02\u0e2d\u0e27\u0e35\u0e0b\u0e48\u0e32\u0e14\u0e49\u0e27\u0e22\u0e15\u0e19\u0e40\u0e2d\u0e07\u0e1c\u0e48\u0e32\u0e19\u0e0a\u0e48\u0e2d\u0e07\u0e17\u0e32\u0e07\u0e2d\u0e2d\u0e19\u0e44\u0e25\u0e19\u0e4c\u0e08\u0e32\u0e01\u0e1b\u0e23\u0e30\u0e40\u0e17\u0e28\u0e1a\u0e49\u0e32\u0e19\u0e40\u0e01\u0e34\u0e14 \u0e04\u0e48\u0e32\u0e43\u0e0a\u0e49\u0e08\u0e48\u0e32\u0e22\u0e40\u0e23\u0e34\u0e48\u0e21\u0e15\u0e49\u0e19\u0e42\u0e14\u0e22\u0e1b\u0e23\u0e30\u0e21\u0e32\u0e13\u0e2d\u0e22\u0e39\u0e48\u0e17\u0e35\u0e48 10,000 \u0e1a\u0e32\u0e17 (\u0e2b\u0e23\u0e37\u0e2d\u0e40\u0e17\u0e35\u0e22\u0e1a\u0e40\u0e17\u0e48\u0e32\u0e43\u0e19\u0e2a\u0e01\u0e38\u0e25\u0e40\u0e07\u0e34\u0e19\u0e2d\u0e37\u0e48\u0e19\u0e46)&#8211; \u0e04\u0e48\u0e32\u0e43\u0e0a\u0e49\u0e08\u0e48\u0e32\u0e22\u0e40\u0e1e\u0e34\u0e48\u0e21\u0e40\u0e15\u0e34\u0e21\u0e17\u0e35\u0e48\u0e2d\u0e32\u0e08\u0e40\u0e01\u0e34\u0e14\u0e02\u0e36\u0e49\u0e19:&#8211; \u0e1c\u0e39\u0e49\u0e17\u0e35\u0e48\u0e15\u0e49\u0e2d\u0e07\u0e01\u0e32\u0e23\u0e04\u0e27\u0e32\u0e21\u0e0a\u0e48\u0e27\u0e22\u0e40\u0e2b\u0e25\u0e37\u0e2d\u0e43\u0e19\u0e01\u0e32\u0e23\u0e40\u0e15\u0e23\u0e35\u0e22\u0e21\u0e40\u0e2d\u0e01\u0e2a\u0e32\u0e23\u0e2d\u0e32\u0e08\u0e21\u0e35\u0e04\u0e48\u0e32\u0e43\u0e0a\u0e49\u0e08\u0e48\u0e32\u0e22\u0e40\u0e1e\u0e34\u0e48\u0e21\u0e40\u0e15\u0e34\u0e21 \u0e40\u0e0a\u0e48\u0e19 \u0e04\u0e48\u0e32\u0e1a\u0e23\u0e34\u0e01\u0e32\u0e23\u0e08\u0e32\u0e01\u0e15\u0e31\u0e27\u0e41\u0e17\u0e19 (\u0e40\u0e2d\u0e40\u0e08\u0e19\u0e0b\u0e35\u0e48) \u0e0b\u0e36\u0e48\u0e07\u0e21\u0e35\u0e04\u0e48\u0e32\u0e1a\u0e23\u0e34\u0e01\u0e32\u0e23\u0e41\u0e15\u0e01\u0e15\u0e48\u0e32\u0e07\u0e01\u0e31\u0e19\u0e44\u0e1b&#8211; \u0e1c\u0e39\u0e49\u0e17\u0e35\u0e48\u0e2d\u0e22\u0e39\u0e48\u0e43\u0e19\u0e1b\u0e23\u0e30\u0e40\u0e17\u0e28\u0e44\u0e17\u0e22\u0e41\u0e25\u0e30\u0e15\u0e49\u0e2d\u0e07\u0e01\u0e32\u0e23\u0e40\u0e14\u0e34\u0e19\u0e17\u0e32\u0e07\u0e44\u0e1b\u0e22\u0e37\u0e48\u0e19\u0e02\u0e2d\u0e27\u0e35\u0e0b\u0e48\u0e32\u0e17\u0e35\u0e48\u0e2a\u0e16\u0e32\u0e19\u0e17\u0e39\u0e15\u0e44\u0e17\u0e22\u0e43\u0e19\u0e1b\u0e23\u0e30\u0e40\u0e17\u0e28\u0e40\u0e1e\u0e37\u0e48\u0e2d\u0e19\u0e1a\u0e49\u0e32\u0e19 \u0e40\u0e0a\u0e48\u0e19 \u0e25\u0e32\u0e27\u0e2b\u0e23\u0e37\u0e2d\u0e40\u0e27\u0e35\u0e22\u0e14\u0e19\u0e32\u0e21 \u0e08\u0e30\u0e21\u0e35\u0e04\u0e48\u0e32\u0e43\u0e0a\u0e49\u0e08\u0e48\u0e32\u0e22\u0e43\u0e19\u0e01\u0e32\u0e23\u0e40\u0e14\u0e34\u0e19\u0e17\u0e32\u0e07\u0e40\u0e1e\u0e34\u0e48\u0e21\u0e40\u0e15\u0e34\u0e21&#8211; \u0e04\u0e48\u0e32\u0e18\u0e23\u0e23\u0e21\u0e40\u0e19\u0e35\u0e22\u0e21\u0e43\u0e19\u0e01\u0e32\u0e23\u0e22\u0e37\u0e48\u0e19\u0e27\u0e35\u0e0b\u0e48\u0e32 DTV \u0e42\u0e14\u0e22\u0e17\u0e31\u0e48\u0e27\u0e44\u0e1b\u0e08\u0e30\u0e2d\u0e22\u0e39\u0e48\u0e17\u0e35\u0e48\u0e1b\u0e23\u0e30\u0e21\u0e32\u0e13 10,000 \u2013 15,000 \u0e1a\u0e32\u0e17 \u0e02\u0e36\u0e49\u0e19\u0e2d\u0e22\u0e39\u0e48\u0e01\u0e31\u0e1a\u0e2a\u0e16\u0e32\u0e19\u0e17\u0e39\u0e15\u0e44\u0e17\u0e22\u0e43\u0e19\u0e41\u0e15\u0e48\u0e25\u0e30\u0e1b\u0e23\u0e30\u0e40\u0e17\u0e28&#8211; \u0e04\u0e48\u0e32\u0e1a\u0e23\u0e34\u0e01\u0e32\u0e23\u0e40\u0e2d\u0e40\u0e08\u0e19\u0e0b\u0e35 \u0e17\u0e35\u0e48\u0e2d\u0e32\u0e2a\u0e32\u0e23\u0e31\u0e1a\u0e17\u0e33\u0e27\u0e35\u0e0b\u0e48\u0e32 \u0e42\u0e14\u0e22\u0e1b\u0e23\u0e30\u0e21\u0e32\u0e13 8,000 \u0e1a\u0e32\u0e17 \u2013 120,000 \u0e1a\u0e32\u0e17&#8211; \u0e01\u0e32\u0e23\u0e14\u0e33\u0e40\u0e19\u0e34\u0e19\u0e01\u0e32\u0e23\u0e40\u0e2d\u0e01\u0e2a\u0e32\u0e23\u0e42\u0e14\u0e22 DTV [&hellip;]<\/p>\n","protected":false},"author":1,"featured_media":0,"parent":0,"menu_order":0,"comment_status":"closed","ping_status":"closed","template":"","meta":{"footnotes":""},"class_list":["post-4553","page","type-page","status-publish","hentry"],"_links":{"self":[{"href":"https:\/\/dtvvisas.com\/fr\/wp-json\/wp\/v2\/pages\/4553","targetHints":{"allow":["GET"]}}],"collection":[{"href":"https:\/\/dtvvisas.com\/fr\/wp-json\/wp\/v2\/pages"}],"about":[{"href":"https:\/\/dtvvisas.com\/fr\/wp-json\/wp\/v2\/types\/page"}],"author":[{"embeddable":true,"href":"https:\/\/dtvvisas.com\/fr\/wp-json\/wp\/v2\/users\/1"}],"replies":[{"embeddable":true,"href":"https:\/\/dtvvisas.com\/fr\/wp-json\/wp\/v2\/comments?post=4553"}],"version-history":[{"count":10,"href":"https:\/\/dtvvisas.com\/fr\/wp-json\/wp\/v2\/pages\/4553\/revisions"}],"predecessor-version":[{"id":4597,"href":"https:\/\/dtvvisas.com\/fr\/wp-json\/wp\/v2\/pages\/4553\/revisions\/4597"}],"wp:attachment":[{"href":"https:\/\/dtvvisas.com\/fr\/wp-json\/wp\/v2\/media?parent=4553"}],"curies":[{"name":"wp","href":"https:\/\/api.w.org\/{rel}","templated":true}]}}