{"id":4550,"date":"2025-02-21T14:40:55","date_gmt":"2025-02-21T14:40:55","guid":{"rendered":"https:\/\/dtvvisas.com\/?page_id=4550"},"modified":"2025-02-22T06:53:14","modified_gmt":"2025-02-22T06:53:14","slug":"enroll-steps","status":"publish","type":"page","link":"https:\/\/dtvvisas.com\/fr\/enroll-steps\/","title":{"rendered":"Processus de demande"},"content":{"rendered":"<div data-elementor-type=\"wp-page\" data-elementor-id=\"4550\" class=\"elementor elementor-4550\" data-elementor-post-type=\"page\">\n\t\t\t\t\t\t<section class=\"elementor-section elementor-top-section elementor-element elementor-element-1e1c1e6 elementor-section-stretched elementor-section-boxed elementor-section-height-default elementor-section-height-default\" data-id=\"1e1c1e6\" data-element_type=\"section\" data-e-type=\"section\" data-settings=\"{&quot;background_background&quot;:&quot;classic&quot;,&quot;stretch_section&quot;:&quot;section-stretched&quot;}\">\n\t\t\t\t\t\t\t<div class=\"elementor-background-overlay\"><\/div>\n\t\t\t\t\t\t\t<div class=\"elementor-container elementor-column-gap-default\">\n\t\t\t\t\t<div class=\"elementor-column elementor-col-100 elementor-top-column elementor-element elementor-element-8a750c5\" data-id=\"8a750c5\" data-element_type=\"column\" data-e-type=\"column\">\n\t\t\t<div class=\"elementor-widget-wrap elementor-element-populated\">\n\t\t\t\t\t\t<div class=\"elementor-element elementor-element-8aa1ac3 elementor-widget elementor-widget-heading\" data-id=\"8aa1ac3\" data-element_type=\"widget\" data-e-type=\"widget\" data-widget_type=\"heading.default\">\n\t\t\t\t<div class=\"elementor-widget-container\">\n\t\t\t\t\t<h1 class=\"elementor-heading-title elementor-size-default translation-block\">\u00c9tapes<br>Demande de visa DTV<\/h1>\t\t\t\t<\/div>\n\t\t\t\t<\/div>\n\t\t\t\t\t<\/div>\n\t\t<\/div>\n\t\t\t\t\t<\/div>\n\t\t<\/section>\n\t\t<div class=\"elementor-element elementor-element-def4a5b e-flex e-con-boxed e-con e-parent\" data-id=\"def4a5b\" data-element_type=\"container\" data-e-type=\"container\">\n\t\t\t\t\t<div class=\"e-con-inner\">\n\t\t\t\t<div class=\"elementor-element elementor-element-0ee2109 elementor-widget elementor-widget-heading\" data-id=\"0ee2109\" data-element_type=\"widget\" data-e-type=\"widget\" data-widget_type=\"heading.default\">\n\t\t\t\t<div class=\"elementor-widget-container\">\n\t\t\t\t\t<h2 class=\"elementor-heading-title elementor-size-default\"><strong>\u00c9tapes d\u00e9taill\u00e9es pour demander le visa DTV \u2013 Soyez pr\u00eat avant de postuler !<\/strong><\/h2>\t\t\t\t<\/div>\n\t\t\t\t<\/div>\n\t\t\t\t<div class=\"elementor-element elementor-element-c9c01e3 elementor-widget elementor-widget-text-editor\" data-id=\"c9c01e3\" data-element_type=\"widget\" data-e-type=\"widget\" data-widget_type=\"text-editor.default\">\n\t\t\t\t<div class=\"elementor-widget-container\">\n\t\t\t\t\t\t\t\t\t<p><strong>Demander un visa DTV peut sembler compliqu\u00e9, mais si vous comprenez les \u00e9tapes et pr\u00e9parez correctement vos documents, tout deviendra beaucoup plus facile. Ici, chez DTV Visas, nous avons cr\u00e9\u00e9 ce site pour fournir des informations claires et faciles \u00e0 comprendre. Vous pouvez utiliser ces lignes directrices pour demander le visa DTV par vous-m\u00eame, sans avoir \u00e0 payer une agence ni perdre du temps \u00e0 contacter l'ambassade tha\u00eflandaise (qui est souvent difficile \u00e0 joindre).<\/strong><\/p><p><strong><strong>\u00c9tape 1: Comprendre les informations<\/strong><\/strong><\/p><p>Un bon d\u00e9part consiste \u00e0 avoir les bonnes informations sur le visa DTV. Les sources d'informations recommand\u00e9es sont :<\/p><p>\u2705 Tous les articles sur ce site web<\/p><ul><li><p>Qu'est-ce qu'un visa DTV ?<\/p><\/li><li><p>Quels documents sont n\u00e9cessaires?<\/p><\/li><li><p>Quel est le co\u00fbt total ?<\/p><\/li><li><p>Processus de demande de visa<\/p><\/li><li><p>Quels avantages suppl\u00e9mentaires obtiendrez-vous en vous inscrivant avec DTV Visas ?<\/p><\/li><\/ul><p class=\"translation-block\">\u2705 Essayez d'utiliser le site <a href=\"https:\/\/www.thaievisa.go.th\/\" target=\"_self\">ThaiEvisa.go.th<\/a> pour comprendre comment postuler en ligne.<\/p><p>\u2705 Regardez les vid\u00e9os de YouTubers comme Chris Parker qui ont partag\u00e9 leur exp\u00e9rience sur le visa DTV.<\/p><p>\u2705 Recherchez des informations sur le site Web de l'ambassade tha\u00eflandaise dans votre pays en tapant dans Google, comme \"DTV visa Thai embassy Canada\", car certaines ambassades peuvent avoir des d\u00e9tails suppl\u00e9mentaires.<\/p><p class=\"translation-block\">\u2705 Contactez notre personnel\nNous avons un bureau chez DTV Visas. Vous pouvez venir parler avec un personnel exp\u00e9riment\u00e9 ayant une connaissance directe du processus de demande de visa DTV.<\/p><p><strong>\u00c9tape 2 : Pr\u00e9parez tous les documents n\u00e9cessaires.<\/strong><\/p><p>Apr\u00e8s avoir \u00e9tudi\u00e9 les informations, vous devez pr\u00e9parer les documents en tenant compte de 4 questions importantes.<\/p><p class=\"translation-block\">1\ufe0f\u20e3 Quel type de documents financiers devez-vous utiliser ?<br>\n2\ufe0f\u20e3 Allez-vous postuler en ligne ou \u00e0 l'ambassade tha\u00eflandaise dans quel pays ?<br>\n3\ufe0f\u20e3 Pour quel type de visa allez-vous postuler ? (Workcation, Soft Power, Spouse, etc.)<br>\n4\ufe0f\u20e3 Quand voyagerez-vous en Tha\u00eflande ? Et devez-vous planifier d'acheter des billets d'avion ou de r\u00e9server un logement maintenant ?<br><\/p><p>\u2705 Si vous n'\u00eates pas s\u00fbr, nous proposons des services de consultation et de v\u00e9rification des documents.<\/p><p><strong>\u00c9tape 3 : Soumettre les documents de demande de visa DTV<\/strong><\/p><p class=\"translation-block\">\ud83d\udccc Soumettez en ligne sur <a href=\"https:\/\/www.thaievisa.go.th\/\" target=\"_self\">ThaiEvisa.go.th<\/a><\/p><p>\ud83d\udccc Soumettre en personne<\/p><ol><li><p>V\u00e9rifiez le site Web de l'ambassade tha\u00eflandaise dans le pays o\u00f9 vous allez soumettre votre demande.<\/p><\/li><li><p>T\u00e9l\u00e9chargez le formulaire de demande de visa.<\/p><\/li><li><p>Pr\u00e9parez les documents financiers et les documents relatifs \u00e0 l'objectif.<\/p><\/li><li><p>R\u00e9servez un rendez-vous pour soumettre les documents \u00e0 l'ambassade de Tha\u00eflande.<\/p><\/li><li><p>Soumettez les documents en personne.<\/p><\/li><\/ol><p class=\"translation-block\">\u23f3 D\u00e9lai de traitement du visa : environ 7-14 jours ouvrables<br>\u2705 Il est recommand\u00e9 de postuler au moins 1 mois avant le d\u00e9part.<\/p><p>\ud83d\udca1 Si des erreurs sont pr\u00e9sentes dans les documents, comme le choix de la mauvaise ambassade, des documents ne correspondant pas \u00e0 ce qui a \u00e9t\u00e9 d\u00e9clar\u00e9, ou un manque de preuves financi\u00e8res claires, le visa peut \u00eatre refus\u00e9 sans possibilit\u00e9 d'appel.<\/p><p>\ud83d\udccc Si vous n'\u00eates pas s\u00fbr que vos documents sont corrects, DTV Visas propose un service de v\u00e9rification des documents.<\/p><p><strong>\u00c9tape 4 : Attendez le visa DTV.<\/strong><\/p><p>\u2705 Si vous postulez en ligne, le visa sera envoy\u00e9 sous forme de fichier PDF par e-mail<br \/>\u2705 Si vous postulez via l'ambassade, le visa sera coll\u00e9 sous forme d'autocollant dans le passeport<\/p><p>\ud83d\udccc Les deux types de visa permettent l'entr\u00e9e en Tha\u00eflande, mais le sticker dans le passeport peut \u00eatre plus pratique pour les transactions avec les banques et les autorit\u00e9s tha\u00eflandaises<\/p><p>\ud83d\udccc Lors de l'entr\u00e9e en Tha\u00eflande, l'agent de l'immigration apposera un tampon avec la date d'expiration du visa, par exemple<\/p><ul><li><p>Entr\u00e9e en Tha\u00eflande le 12 septembre 2024<\/p><\/li><li><p>S\u00e9jour de 180 jours jusqu'au 10 mars 2025<\/p><\/li><\/ul><p><strong>\u00c9tape 5 : Renouveler le visa DTV<\/strong><\/p><p>Apr\u00e8s 180 jours, il y a 2 options pour prolonger votre s\u00e9jour<\/p><p>1\ufe0f\u20e3 Renouveler au Bureau de l'immigration<\/p><ul><li><p>Vous pouvez obtenir 180 jours suppl\u00e9mentaires<\/p><\/li><li><p>Frais de 1 900 baht<\/p><\/li><li><p>Pas besoin de voyager hors du pays<\/p><\/li><\/ul><p>2\ufe0f\u20e3 Sortir du pays et revenir en Tha\u00eflande<\/p><ul><li><p>L'agent de l'immigration apposera un tampon suppl\u00e9mentaire de 180 jours<\/p><\/li><\/ul><p>Questions que les agents de l'immigration pourraient poser<\/p><p>\ud83d\udccc Avez-vous 500 000 baht sur votre compte ?<\/p><ul><li><p>Si vous n'avez pas de preuve financi\u00e8re, l'entr\u00e9e dans le pays pourrait vous \u00eatre refus\u00e9e<\/p><\/li><\/ul><p>\ud83d\udccc Quel est le but de votre entr\u00e9e en Tha\u00eflande ?<\/p><ul><li><p>Si les documents ne correspondent pas \u00e0 l'objectif initial de la demande de visa, l'entr\u00e9e peut \u00eatre refus\u00e9e.<\/p><\/li><\/ul><p>\ud83d\udccc Si vous restez en Tha\u00eflande plus de 180 jours, devez-vous payer des imp\u00f4ts ?<\/p><ul><li><p>Si vous restez plus de 180 jours, vous pourriez avoir des obligations fiscales sur le revenu en Tha\u00eflande, conform\u00e9ment \u00e0 la nouvelle loi fiscale du D\u00e9partement des recettes.<\/p><\/li><\/ul><p><strong>R\u00e9sum\u00e9<\/strong><\/p><p class=\"translation-block\">\u2705 Les visas DTV fournissent des informations compl\u00e8tes sur la demande de visa DTV.<br>\n\u2705 Vous pouvez postuler par vous-m\u00eame ou nous contacter si vous avez besoin d'aide.<br>\n\u2705 Planifier \u00e0 l'avance facilite la demande de visa et r\u00e9duit le risque de rejet.<br><\/p><p>\ud83d\udccc Vous souhaitez consulter ou nous demander d'examiner vos documents ? Contactez DTV Visas d\u00e8s maintenant !<\/p>\t\t\t\t\t\t\t\t<\/div>\n\t\t\t\t<\/div>\n\t\t\t\t\t<\/div>\n\t\t\t\t<\/div>\n\t\t\t\t<\/div>","protected":false},"excerpt":{"rendered":"<p>\u0e02\u0e31\u0e49\u0e19\u0e15\u0e2d\u0e19\u0e01\u0e32\u0e23\u0e2a\u0e21\u0e31\u0e04\u0e23\u0e02\u0e2d\u0e27\u0e35\u0e0b\u0e48\u0e32 DTV \u0e02\u0e31\u0e49\u0e19\u0e15\u0e2d\u0e19\u0e01\u0e32\u0e23\u0e02\u0e2d\u0e27\u0e35\u0e0b\u0e48\u0e32 DTV \u0e2d\u0e22\u0e48\u0e32\u0e07\u0e25\u0e30\u0e40\u0e2d\u0e35\u0e22\u0e14 \u2013 \u0e40\u0e15\u0e23\u0e35\u0e22\u0e21\u0e15\u0e31\u0e27\u0e43\u0e2b\u0e49\u0e1e\u0e23\u0e49\u0e2d\u0e21\u0e01\u0e48\u0e2d\u0e19\u0e22\u0e37\u0e48\u0e19! \u0e01\u0e32\u0e23\u0e02\u0e2d\u0e27\u0e35\u0e0b\u0e48\u0e32 DTV \u0e2d\u0e32\u0e08\u0e1f\u0e31\u0e07\u0e14\u0e39\u0e0b\u0e31\u0e1a\u0e0b\u0e49\u0e2d\u0e19 \u0e41\u0e15\u0e48\u0e16\u0e49\u0e32\u0e04\u0e38\u0e13\u0e40\u0e02\u0e49\u0e32\u0e43\u0e08\u0e02\u0e31\u0e49\u0e19\u0e15\u0e2d\u0e19\u0e41\u0e25\u0e30\u0e40\u0e15\u0e23\u0e35\u0e22\u0e21\u0e40\u0e2d\u0e01\u0e2a\u0e32\u0e23\u0e43\u0e2b\u0e49\u0e04\u0e23\u0e1a\u0e16\u0e49\u0e27\u0e19 \u0e17\u0e38\u0e01\u0e2d\u0e22\u0e48\u0e32\u0e07\u0e01\u0e47\u0e08\u0e30\u0e07\u0e48\u0e32\u0e22\u0e02\u0e36\u0e49\u0e19\u0e21\u0e32\u0e01 \u0e17\u0e35\u0e48\u0e19\u0e35\u0e48 DTV Visas \u0e40\u0e23\u0e32\u0e2a\u0e23\u0e49\u0e32\u0e07\u0e40\u0e27\u0e47\u0e1a\u0e44\u0e0b\u0e15\u0e4c\u0e19\u0e35\u0e49\u0e02\u0e36\u0e49\u0e19\u0e21\u0e32\u0e40\u0e1e\u0e37\u0e48\u0e2d\u0e43\u0e2b\u0e49\u0e02\u0e49\u0e2d\u0e21\u0e39\u0e25\u0e17\u0e35\u0e48\u0e0a\u0e31\u0e14\u0e40\u0e08\u0e19\u0e41\u0e25\u0e30\u0e40\u0e02\u0e49\u0e32\u0e43\u0e08\u0e07\u0e48\u0e32\u0e22 \u0e04\u0e38\u0e13\u0e2a\u0e32\u0e21\u0e32\u0e23\u0e16\u0e43\u0e0a\u0e49\u0e04\u0e33\u0e41\u0e19\u0e30\u0e19\u0e33\u0e40\u0e2b\u0e25\u0e48\u0e32\u0e19\u0e35\u0e49\u0e40\u0e1e\u0e37\u0e48\u0e2d\u0e02\u0e2d\u0e27\u0e35\u0e0b\u0e48\u0e32 DTV \u0e44\u0e14\u0e49\u0e14\u0e49\u0e27\u0e22\u0e15\u0e31\u0e27\u0e40\u0e2d\u0e07 \u0e42\u0e14\u0e22\u0e44\u0e21\u0e48\u0e15\u0e49\u0e2d\u0e07\u0e40\u0e2a\u0e35\u0e22\u0e40\u0e07\u0e34\u0e19\u0e43\u0e2b\u0e49\u0e01\u0e31\u0e1a\u0e40\u0e2d\u0e40\u0e08\u0e19\u0e0b\u0e35\u0e48\u0e2b\u0e23\u0e37\u0e2d\u0e40\u0e2a\u0e35\u0e22\u0e40\u0e27\u0e25\u0e32\u0e15\u0e34\u0e14\u0e15\u0e48\u0e2d\u0e2a\u0e16\u0e32\u0e19\u0e17\u0e39\u0e15\u0e44\u0e17\u0e22 (\u0e0b\u0e36\u0e48\u0e07\u0e21\u0e31\u0e01\u0e08\u0e30\u0e15\u0e34\u0e14\u0e15\u0e48\u0e2d\u0e22\u0e32\u0e01\u0e21\u0e32\u0e01) \u0e02\u0e31\u0e49\u0e19\u0e15\u0e2d\u0e19\u0e17\u0e35\u0e48 1: \u0e28\u0e36\u0e01\u0e29\u0e32\u0e02\u0e49\u0e2d\u0e21\u0e39\u0e25\u0e43\u0e2b\u0e49\u0e40\u0e02\u0e49\u0e32\u0e43\u0e08 \u0e01\u0e32\u0e23\u0e40\u0e23\u0e34\u0e48\u0e21\u0e15\u0e49\u0e19\u0e17\u0e35\u0e48\u0e14\u0e35\u0e04\u0e37\u0e2d\u0e01\u0e32\u0e23\u0e21\u0e35\u0e04\u0e27\u0e32\u0e21\u0e23\u0e39\u0e49\u0e17\u0e35\u0e48\u0e16\u0e39\u0e01\u0e15\u0e49\u0e2d\u0e07\u0e40\u0e01\u0e35\u0e48\u0e22\u0e27\u0e01\u0e31\u0e1a\u0e27\u0e35\u0e0b\u0e48\u0e32 DTV \u0e41\u0e2b\u0e25\u0e48\u0e07\u0e02\u0e49\u0e2d\u0e21\u0e39\u0e25\u0e17\u0e35\u0e48\u0e41\u0e19\u0e30\u0e19\u0e33 \u0e44\u0e14\u0e49\u0e41\u0e01\u0e48 \u2705 \u0e17\u0e38\u0e01\u0e1a\u0e17\u0e04\u0e27\u0e32\u0e21\u0e43\u0e19\u0e40\u0e27\u0e47\u0e1a\u0e44\u0e0b\u0e15\u0e4c\u0e19\u0e35\u0e49 \u0e27\u0e35\u0e0b\u0e48\u0e32 DTV \u0e04\u0e37\u0e2d\u0e2d\u0e30\u0e44\u0e23? \u0e40\u0e2d\u0e01\u0e2a\u0e32\u0e23\u0e17\u0e35\u0e48\u0e15\u0e49\u0e2d\u0e07\u0e43\u0e0a\u0e49\u0e21\u0e35\u0e2d\u0e30\u0e44\u0e23\u0e1a\u0e49\u0e32\u0e07? \u0e04\u0e48\u0e32\u0e43\u0e0a\u0e49\u0e08\u0e48\u0e32\u0e22\u0e17\u0e31\u0e49\u0e07\u0e2b\u0e21\u0e14\u0e40\u0e17\u0e48\u0e32\u0e44\u0e2b\u0e23\u0e48? \u0e02\u0e31\u0e49\u0e19\u0e15\u0e2d\u0e19\u0e01\u0e32\u0e23\u0e2a\u0e21\u0e31\u0e04\u0e23\u0e27\u0e35\u0e0b\u0e48\u0e32 \u0e2a\u0e21\u0e31\u0e04\u0e23\u0e01\u0e31\u0e1a DTV Visas \u0e41\u0e25\u0e49\u0e27\u0e44\u0e14\u0e49\u0e2d\u0e30\u0e44\u0e23\u0e40\u0e1e\u0e34\u0e48\u0e21\u0e40\u0e15\u0e34\u0e21? \u2705 \u0e25\u0e2d\u0e07\u0e43\u0e0a\u0e49\u0e40\u0e27\u0e47\u0e1a\u0e44\u0e0b\u0e15\u0e4c ThaiEvisa.go.th \u0e40\u0e1e\u0e37\u0e48\u0e2d\u0e17\u0e33\u0e04\u0e27\u0e32\u0e21\u0e40\u0e02\u0e49\u0e32\u0e43\u0e08\u0e27\u0e48\u0e32\u0e01\u0e32\u0e23\u0e2a\u0e21\u0e31\u0e04\u0e23\u0e2d\u0e2d\u0e19\u0e44\u0e25\u0e19\u0e4c\u0e17\u0e33\u0e44\u0e14\u0e49\u0e2d\u0e22\u0e48\u0e32\u0e07\u0e44\u0e23 \u2705 \u0e14\u0e39\u0e27\u0e34\u0e14\u0e35\u0e42\u0e2d\u0e08\u0e32\u0e01 YouTuber \u0e40\u0e0a\u0e48\u0e19 Chris Parker \u0e17\u0e35\u0e48\u0e40\u0e04\u0e22\u0e41\u0e0a\u0e23\u0e4c\u0e1b\u0e23\u0e30\u0e2a\u0e1a\u0e01\u0e32\u0e23\u0e13\u0e4c\u0e40\u0e01\u0e35\u0e48\u0e22\u0e27\u0e01\u0e31\u0e1a\u0e27\u0e35\u0e0b\u0e48\u0e32 DTV \u2705 \u0e04\u0e49\u0e19\u0e2b\u0e32\u0e02\u0e49\u0e2d\u0e21\u0e39\u0e25\u0e08\u0e32\u0e01\u0e40\u0e27\u0e47\u0e1a\u0e44\u0e0b\u0e15\u0e4c\u0e2a\u0e16\u0e32\u0e19\u0e17\u0e39\u0e15\u0e44\u0e17\u0e22\u0e43\u0e19\u0e1b\u0e23\u0e30\u0e40\u0e17\u0e28\u0e02\u0e2d\u0e07\u0e04\u0e38\u0e13 \u0e42\u0e14\u0e22\u0e1e\u0e34\u0e21\u0e1e\u0e4c\u0e43\u0e19 [&hellip;]<\/p>\n","protected":false},"author":1,"featured_media":0,"parent":0,"menu_order":0,"comment_status":"closed","ping_status":"closed","template":"","meta":{"footnotes":""},"class_list":["post-4550","page","type-page","status-publish","hentry"],"_links":{"self":[{"href":"https:\/\/dtvvisas.com\/fr\/wp-json\/wp\/v2\/pages\/4550","targetHints":{"allow":["GET"]}}],"collection":[{"href":"https:\/\/dtvvisas.com\/fr\/wp-json\/wp\/v2\/pages"}],"about":[{"href":"https:\/\/dtvvisas.com\/fr\/wp-json\/wp\/v2\/types\/page"}],"author":[{"embeddable":true,"href":"https:\/\/dtvvisas.com\/fr\/wp-json\/wp\/v2\/users\/1"}],"replies":[{"embeddable":true,"href":"https:\/\/dtvvisas.com\/fr\/wp-json\/wp\/v2\/comments?post=4550"}],"version-history":[{"count":16,"href":"https:\/\/dtvvisas.com\/fr\/wp-json\/wp\/v2\/pages\/4550\/revisions"}],"predecessor-version":[{"id":4594,"href":"https:\/\/dtvvisas.com\/fr\/wp-json\/wp\/v2\/pages\/4550\/revisions\/4594"}],"wp:attachment":[{"href":"https:\/\/dtvvisas.com\/fr\/wp-json\/wp\/v2\/media?parent=4550"}],"curies":[{"name":"wp","href":"https:\/\/api.w.org\/{rel}","templated":true}]}}