{"id":4550,"date":"2025-02-21T14:40:55","date_gmt":"2025-02-21T14:40:55","guid":{"rendered":"https:\/\/dtvvisas.com\/?page_id=4550"},"modified":"2025-02-22T06:53:14","modified_gmt":"2025-02-22T06:53:14","slug":"enroll-steps","status":"publish","type":"page","link":"https:\/\/dtvvisas.com\/de\/enroll-steps\/","title":{"rendered":"Bewerbungsprozess"},"content":{"rendered":"<div data-elementor-type=\"wp-page\" data-elementor-id=\"4550\" class=\"elementor elementor-4550\" data-elementor-post-type=\"page\">\n\t\t\t\t\t\t<section class=\"elementor-section elementor-top-section elementor-element elementor-element-1e1c1e6 elementor-section-stretched elementor-section-boxed elementor-section-height-default elementor-section-height-default\" data-id=\"1e1c1e6\" data-element_type=\"section\" data-e-type=\"section\" data-settings=\"{&quot;background_background&quot;:&quot;classic&quot;,&quot;stretch_section&quot;:&quot;section-stretched&quot;}\">\n\t\t\t\t\t\t\t<div class=\"elementor-background-overlay\"><\/div>\n\t\t\t\t\t\t\t<div class=\"elementor-container elementor-column-gap-default\">\n\t\t\t\t\t<div class=\"elementor-column elementor-col-100 elementor-top-column elementor-element elementor-element-8a750c5\" data-id=\"8a750c5\" data-element_type=\"column\" data-e-type=\"column\">\n\t\t\t<div class=\"elementor-widget-wrap elementor-element-populated\">\n\t\t\t\t\t\t<div class=\"elementor-element elementor-element-8aa1ac3 elementor-widget elementor-widget-heading\" data-id=\"8aa1ac3\" data-element_type=\"widget\" data-e-type=\"widget\" data-widget_type=\"heading.default\">\n\t\t\t\t<div class=\"elementor-widget-container\">\n\t\t\t\t\t<h1 class=\"elementor-heading-title elementor-size-default translation-block\">Schritte<br>Beantragung des DTV-Visums<\/h1>\t\t\t\t<\/div>\n\t\t\t\t<\/div>\n\t\t\t\t\t<\/div>\n\t\t<\/div>\n\t\t\t\t\t<\/div>\n\t\t<\/section>\n\t\t<div class=\"elementor-element elementor-element-def4a5b e-flex e-con-boxed e-con e-parent\" data-id=\"def4a5b\" data-element_type=\"container\" data-e-type=\"container\">\n\t\t\t\t\t<div class=\"e-con-inner\">\n\t\t\t\t<div class=\"elementor-element elementor-element-0ee2109 elementor-widget elementor-widget-heading\" data-id=\"0ee2109\" data-element_type=\"widget\" data-e-type=\"widget\" data-widget_type=\"heading.default\">\n\t\t\t\t<div class=\"elementor-widget-container\">\n\t\t\t\t\t<h2 class=\"elementor-heading-title elementor-size-default\"><strong>Ausf\u00fchrliche Schritte zur Beantragung des DTV-Visums \u2013 Seien Sie vorbereitet, bevor Sie sich bewerben!<\/strong><\/h2>\t\t\t\t<\/div>\n\t\t\t\t<\/div>\n\t\t\t\t<div class=\"elementor-element elementor-element-c9c01e3 elementor-widget elementor-widget-text-editor\" data-id=\"c9c01e3\" data-element_type=\"widget\" data-e-type=\"widget\" data-widget_type=\"text-editor.default\">\n\t\t\t\t<div class=\"elementor-widget-container\">\n\t\t\t\t\t\t\t\t\t<p><strong>\u041f\u043e\u0434\u0430\u0447\u0430 \u0437\u0430\u044f\u0432\u043a\u0438 \u043d\u0430 \u0432\u0438\u0437\u0443 DTV \u043c\u043e\u0436\u0435\u0442 \u043f\u043e\u043a\u0430\u0437\u0430\u0442\u044c\u0441\u044f \u0441\u043b\u043e\u0436\u043d\u043e\u0439, \u043d\u043e \u0435\u0441\u043b\u0438 \u0432\u044b \u043f\u043e\u043d\u0438\u043c\u0430\u0435\u0442\u0435 \u0448\u0430\u0433\u0438 \u0438 \u043f\u0440\u0430\u0432\u0438\u043b\u044c\u043d\u043e \u043f\u043e\u0434\u0433\u043e\u0442\u043e\u0432\u0438\u0442\u0435 \u0434\u043e\u043a\u0443\u043c\u0435\u043d\u0442\u044b, \u0432\u0441\u0451 \u0441\u0442\u0430\u043d\u0435\u0442 \u0433\u043e\u0440\u0430\u0437\u0434\u043e \u043f\u0440\u043e\u0449\u0435. \u0417\u0434\u0435\u0441\u044c, \u043d\u0430 DTV Visas, \u043c\u044b \u0441\u043e\u0437\u0434\u0430\u043b\u0438 \u044d\u0442\u043e\u0442 \u0441\u0430\u0439\u0442, \u0447\u0442\u043e\u0431\u044b \u043f\u0440\u0435\u0434\u043e\u0441\u0442\u0430\u0432\u0438\u0442\u044c \u044f\u0441\u043d\u0443\u044e \u0438 \u043f\u043e\u043d\u044f\u0442\u043d\u0443\u044e \u0438\u043d\u0444\u043e\u0440\u043c\u0430\u0446\u0438\u044e. \u0412\u044b \u043c\u043e\u0436\u0435\u0442\u0435 \u0438\u0441\u043f\u043e\u043b\u044c\u0437\u043e\u0432\u0430\u0442\u044c \u044d\u0442\u0438 \u0440\u0435\u043a\u043e\u043c\u0435\u043d\u0434\u0430\u0446\u0438\u0438, \u0447\u0442\u043e\u0431\u044b \u043f\u043e\u0434\u0430\u0442\u044c \u0437\u0430\u044f\u0432\u043a\u0443 \u043d\u0430 \u0432\u0438\u0437\u0443 DTV \u0441\u0430\u043c\u043e\u0441\u0442\u043e\u044f\u0442\u0435\u043b\u044c\u043d\u043e, \u043d\u0435 \u0442\u0440\u0430\u0442\u044f \u0434\u0435\u043d\u044c\u0433\u0438 \u043d\u0430 \u0430\u0433\u0435\u043d\u0442\u0441\u0442\u0432\u0430 \u0438 \u043d\u0435 \u0442\u0435\u0440\u044f\u044f \u0432\u0440\u0435\u043c\u044f \u043d\u0430 \u043a\u043e\u043d\u0442\u0430\u043a\u0442 \u0441 \u0442\u0430\u0439\u0441\u043a\u0438\u043c \u043f\u043e\u0441\u043e\u043b\u044c\u0441\u0442\u0432\u043e\u043c (\u043a\u043e\u0442\u043e\u0440\u043e\u0435 \u0447\u0430\u0441\u0442\u043e \u0442\u0440\u0443\u0434\u043d\u043e \u0434\u043e\u0441\u0442\u0430\u0442\u044c).<\/strong><\/p><p><strong><strong>Schritt 1: Verstehen Sie die Informationen<\/strong><\/strong><\/p><p>Ein guter Start ist das richtige Wissen \u00fcber das DTV-Visum. Empfohlene Informationsquellen sind:<\/p><p>\u2705 Alle Artikel auf dieser Website<\/p><ul><li><p>Was ist ein DTV-Visum?<\/p><\/li><li><p>Welche Dokumente sind erforderlich?<\/p><\/li><li><p>Wie hoch sind die Gesamtkosten?<\/p><\/li><li><p>Visa-Bewerbungsverfahren<\/p><\/li><li><p>Was erhalten Sie zus\u00e4tzlich, wenn Sie sich bei DTV Visas bewerben?<\/p><\/li><\/ul><p class=\"translation-block\">\u2705 Versuchen Sie, die Website <a href=\"https:\/\/www.thaievisa.go.th\/\" target=\"_self\">ThaiEvisa.go.th<\/a> zu nutzen, um zu verstehen, wie Sie sich online bewerben k\u00f6nnen.<\/p><p>\u2705 Sehen Sie sich Videos von YouTubern wie Chris Parker an, der seine Erfahrungen mit dem DTV-Visum geteilt hat.<\/p><p>\u2705 Suchen Sie nach Informationen auf der Website der thail\u00e4ndischen Botschaft in Ihrem Land, indem Sie in Google eingeben, z. B. \"DTV visa Thai embassy Canada\", da einige Botschaften zus\u00e4tzliche Details haben k\u00f6nnten.<\/p><p class=\"translation-block\">\u2705 Kontaktieren Sie unser Personal\nWir haben ein B\u00fcro bei DTV Visas. Sie k\u00f6nnen vorbeikommen und mit erfahrenem Personal sprechen, das direkte Kenntnisse \u00fcber den DTV-Visumantrag hat.<\/p><p><strong>Schritt 2: Bereiten Sie alle erforderlichen Dokumente vor.<\/strong><\/p><p>Nach dem Studium der Informationen m\u00fcssen Sie die Dokumente vorbereiten, indem Sie 4 wichtige Fragen ber\u00fccksichtigen.<\/p><p class=\"translation-block\">1\ufe0f\u20e3 Welche Art von Finanzdokumenten sollten Sie verwenden?<br>\n2\ufe0f\u20e3 Werden Sie online oder in der thail\u00e4ndischen Botschaft in welchem Land beantragen?<br>\n3\ufe0f\u20e3 F\u00fcr welchen Visatyp werden Sie sich bewerben? (Workcation, Soft Power, Spouse usw.)<br>\n4\ufe0f\u20e3 Wann reisen Sie nach Thailand? Und sollten Sie jetzt Fl\u00fcge buchen oder eine Unterkunft reservieren?<br><\/p><p>\u2705 Wenn Sie sich unsicher sind, bieten wir Beratungsdienste und Dokumentenpr\u00fcfung an.<\/p><p><strong>Schritt 3: Reichen Sie die DTV-Visa-Antragsdokumente ein<\/strong><\/p><p class=\"translation-block\">\ud83d\udccc Reichen Sie online ein unter <a href=\"https:\/\/www.thaievisa.go.th\/\" target=\"_self\">ThaiEvisa.go.th<\/a><\/p><p>\ud83d\udccc Pers\u00f6nlich einreichen<\/p><ol><li><p>\u00dcberpr\u00fcfen Sie die Website der thail\u00e4ndischen Botschaft im Land, in dem Sie Ihren Antrag einreichen werden.<\/p><\/li><li><p>Laden Sie das Antragsformular f\u00fcr ein Visum herunter.<\/p><\/li><li><p>Bereiten Sie finanzielle Dokumente und zweckbezogene Dokumente vor.<\/p><\/li><li><p>Buchen Sie einen Termin zur Einreichung von Dokumenten in der thail\u00e4ndischen Botschaft.<\/p><\/li><li><p>Reichen Sie die Dokumente pers\u00f6nlich ein.<\/p><\/li><\/ol><p class=\"translation-block\">\u23f3 Bearbeitungszeit f\u00fcr das Visum: Ungef\u00e4hr 7-14 Werktage<br>\u2705 Es wird empfohlen, mindestens 1 Monat vor der Reise zu beantragen.<\/p><p>\ud83d\udca1 Wenn in den Unterlagen Fehler auftreten, wie die falsche Botschaft ausgew\u00e4hlt wurde, die Dokumente nicht mit den Angaben \u00fcbereinstimmen oder keine klaren finanziellen Nachweise vorliegen, kann das Visum abgelehnt werden, ohne dass ein Rechtsmittel eingelegt werden kann.<\/p><p>\ud83d\udccc Falls Sie nicht sicher sind, ob Ihre Dokumente korrekt sind, bietet DTV Visas einen Dokumentenpr\u00fcfungsservice an.<\/p><p><strong>Schritt 4: Warten Sie auf das DTV-Visum.<\/strong><\/p><p>\u2705 Wenn Sie sich online bewerben, wird das Visum als PDF-Datei per E-Mail gesendet<br \/>\u2705 Wenn Sie \u00fcber die Botschaft beantragen, wird das Visum als Aufkleber im Pass angebracht<\/p><p>\ud83d\udccc Beide Visa-Arten erlauben die Einreise nach Thailand, aber der Aufkleber im Pass k\u00f6nnte f\u00fcr Transaktionen mit Banken und thail\u00e4ndischen Beh\u00f6rden praktischer sein<\/p><p>\ud83d\udccc Bei der Einreise nach Thailand wird der Einwanderungsbeamte das Ablaufdatum des Visums stempeln, zum Beispiel<\/p><ul><li><p>Einreise nach Thailand am 12. September 2024<\/p><\/li><li><p>Aufenthalt f\u00fcr 180 Tage bis zum 10. M\u00e4rz 2025<\/p><\/li><\/ul><p><strong>Schritt 5: Verl\u00e4ngern Sie das DTV-Visum<\/strong><\/p><p>Nach 180 Tagen gibt es 2 Optionen, um den Aufenthalt zu verl\u00e4ngern<\/p><p>1\ufe0f\u20e3 Verl\u00e4ngern Sie im Einwanderungsb\u00fcro<\/p><ul><li><p>Sie k\u00f6nnen weitere 180 Tage erhalten<\/p><\/li><li><p>Geb\u00fchr von 1.900 Baht<\/p><\/li><li><p>Es ist nicht notwendig, das Land zu verlassen<\/p><\/li><\/ul><p>2\ufe0f\u20e3 Verlassen Sie das Land und kehren Sie erneut nach Thailand zur\u00fcck<\/p><ul><li><p>Der Einwanderungsbeamte wird einen zus\u00e4tzlichen Stempel f\u00fcr 180 Tage setzen<\/p><\/li><\/ul><p>Fragen, die Einwanderungsbeamte stellen k\u00f6nnten<\/p><p>\ud83d\udccc Haben Sie 500.000 Baht auf Ihrem Konto?<\/p><ul><li><p>Wenn Sie keinen finanziellen Nachweis haben, k\u00f6nnte Ihnen die Einreise ins Land verweigert werden<\/p><\/li><\/ul><p>\ud83d\udccc Was ist der Zweck Ihrer Einreise nach Thailand?<\/p><ul><li><p>Wenn die Dokumente nicht dem urspr\u00fcnglichen Zweck der Visumantragstellung entsprechen, kann die Einreise verweigert werden.<\/p><\/li><\/ul><p>\ud83d\udccc Wenn Sie l\u00e4nger als 180 Tage in Thailand bleiben, m\u00fcssen Sie Steuern zahlen?<\/p><ul><li><p>Wenn Sie l\u00e4nger als 180 Tage bleiben, k\u00f6nnten Sie gem\u00e4\u00df dem neuen Steuergesetz des Finanzamts Einkommenssteuerpflichten in Thailand haben.<\/p><\/li><\/ul><p><strong>Zusammenfassung<\/strong><\/p><p class=\"translation-block\">\u2705 DTV-Visa bieten vollst\u00e4ndige Informationen zur Beantragung eines DTV-Visa.<br>\n\u2705 Sie k\u00f6nnen sich selbst bewerben oder uns kontaktieren, wenn Sie Hilfe ben\u00f6tigen.<br>\n\u2705 Vorausplanung erleichtert den Visumantrag und verringert das Risiko einer Ablehnung.<br><\/p><p>\ud83d\udccc Interessiert an einer Beratung oder m\u00f6chten Sie, dass wir Ihre Unterlagen \u00fcberpr\u00fcfen? Kontaktieren Sie DTV Visas jetzt!<\/p>\t\t\t\t\t\t\t\t<\/div>\n\t\t\t\t<\/div>\n\t\t\t\t\t<\/div>\n\t\t\t\t<\/div>\n\t\t\t\t<\/div>","protected":false},"excerpt":{"rendered":"<p>\u0e02\u0e31\u0e49\u0e19\u0e15\u0e2d\u0e19\u0e01\u0e32\u0e23\u0e2a\u0e21\u0e31\u0e04\u0e23\u0e02\u0e2d\u0e27\u0e35\u0e0b\u0e48\u0e32 DTV \u0e02\u0e31\u0e49\u0e19\u0e15\u0e2d\u0e19\u0e01\u0e32\u0e23\u0e02\u0e2d\u0e27\u0e35\u0e0b\u0e48\u0e32 DTV \u0e2d\u0e22\u0e48\u0e32\u0e07\u0e25\u0e30\u0e40\u0e2d\u0e35\u0e22\u0e14 \u2013 \u0e40\u0e15\u0e23\u0e35\u0e22\u0e21\u0e15\u0e31\u0e27\u0e43\u0e2b\u0e49\u0e1e\u0e23\u0e49\u0e2d\u0e21\u0e01\u0e48\u0e2d\u0e19\u0e22\u0e37\u0e48\u0e19! \u0e01\u0e32\u0e23\u0e02\u0e2d\u0e27\u0e35\u0e0b\u0e48\u0e32 DTV \u0e2d\u0e32\u0e08\u0e1f\u0e31\u0e07\u0e14\u0e39\u0e0b\u0e31\u0e1a\u0e0b\u0e49\u0e2d\u0e19 \u0e41\u0e15\u0e48\u0e16\u0e49\u0e32\u0e04\u0e38\u0e13\u0e40\u0e02\u0e49\u0e32\u0e43\u0e08\u0e02\u0e31\u0e49\u0e19\u0e15\u0e2d\u0e19\u0e41\u0e25\u0e30\u0e40\u0e15\u0e23\u0e35\u0e22\u0e21\u0e40\u0e2d\u0e01\u0e2a\u0e32\u0e23\u0e43\u0e2b\u0e49\u0e04\u0e23\u0e1a\u0e16\u0e49\u0e27\u0e19 \u0e17\u0e38\u0e01\u0e2d\u0e22\u0e48\u0e32\u0e07\u0e01\u0e47\u0e08\u0e30\u0e07\u0e48\u0e32\u0e22\u0e02\u0e36\u0e49\u0e19\u0e21\u0e32\u0e01 \u0e17\u0e35\u0e48\u0e19\u0e35\u0e48 DTV Visas \u0e40\u0e23\u0e32\u0e2a\u0e23\u0e49\u0e32\u0e07\u0e40\u0e27\u0e47\u0e1a\u0e44\u0e0b\u0e15\u0e4c\u0e19\u0e35\u0e49\u0e02\u0e36\u0e49\u0e19\u0e21\u0e32\u0e40\u0e1e\u0e37\u0e48\u0e2d\u0e43\u0e2b\u0e49\u0e02\u0e49\u0e2d\u0e21\u0e39\u0e25\u0e17\u0e35\u0e48\u0e0a\u0e31\u0e14\u0e40\u0e08\u0e19\u0e41\u0e25\u0e30\u0e40\u0e02\u0e49\u0e32\u0e43\u0e08\u0e07\u0e48\u0e32\u0e22 \u0e04\u0e38\u0e13\u0e2a\u0e32\u0e21\u0e32\u0e23\u0e16\u0e43\u0e0a\u0e49\u0e04\u0e33\u0e41\u0e19\u0e30\u0e19\u0e33\u0e40\u0e2b\u0e25\u0e48\u0e32\u0e19\u0e35\u0e49\u0e40\u0e1e\u0e37\u0e48\u0e2d\u0e02\u0e2d\u0e27\u0e35\u0e0b\u0e48\u0e32 DTV \u0e44\u0e14\u0e49\u0e14\u0e49\u0e27\u0e22\u0e15\u0e31\u0e27\u0e40\u0e2d\u0e07 \u0e42\u0e14\u0e22\u0e44\u0e21\u0e48\u0e15\u0e49\u0e2d\u0e07\u0e40\u0e2a\u0e35\u0e22\u0e40\u0e07\u0e34\u0e19\u0e43\u0e2b\u0e49\u0e01\u0e31\u0e1a\u0e40\u0e2d\u0e40\u0e08\u0e19\u0e0b\u0e35\u0e48\u0e2b\u0e23\u0e37\u0e2d\u0e40\u0e2a\u0e35\u0e22\u0e40\u0e27\u0e25\u0e32\u0e15\u0e34\u0e14\u0e15\u0e48\u0e2d\u0e2a\u0e16\u0e32\u0e19\u0e17\u0e39\u0e15\u0e44\u0e17\u0e22 (\u0e0b\u0e36\u0e48\u0e07\u0e21\u0e31\u0e01\u0e08\u0e30\u0e15\u0e34\u0e14\u0e15\u0e48\u0e2d\u0e22\u0e32\u0e01\u0e21\u0e32\u0e01) \u0e02\u0e31\u0e49\u0e19\u0e15\u0e2d\u0e19\u0e17\u0e35\u0e48 1: \u0e28\u0e36\u0e01\u0e29\u0e32\u0e02\u0e49\u0e2d\u0e21\u0e39\u0e25\u0e43\u0e2b\u0e49\u0e40\u0e02\u0e49\u0e32\u0e43\u0e08 \u0e01\u0e32\u0e23\u0e40\u0e23\u0e34\u0e48\u0e21\u0e15\u0e49\u0e19\u0e17\u0e35\u0e48\u0e14\u0e35\u0e04\u0e37\u0e2d\u0e01\u0e32\u0e23\u0e21\u0e35\u0e04\u0e27\u0e32\u0e21\u0e23\u0e39\u0e49\u0e17\u0e35\u0e48\u0e16\u0e39\u0e01\u0e15\u0e49\u0e2d\u0e07\u0e40\u0e01\u0e35\u0e48\u0e22\u0e27\u0e01\u0e31\u0e1a\u0e27\u0e35\u0e0b\u0e48\u0e32 DTV \u0e41\u0e2b\u0e25\u0e48\u0e07\u0e02\u0e49\u0e2d\u0e21\u0e39\u0e25\u0e17\u0e35\u0e48\u0e41\u0e19\u0e30\u0e19\u0e33 \u0e44\u0e14\u0e49\u0e41\u0e01\u0e48 \u2705 \u0e17\u0e38\u0e01\u0e1a\u0e17\u0e04\u0e27\u0e32\u0e21\u0e43\u0e19\u0e40\u0e27\u0e47\u0e1a\u0e44\u0e0b\u0e15\u0e4c\u0e19\u0e35\u0e49 \u0e27\u0e35\u0e0b\u0e48\u0e32 DTV \u0e04\u0e37\u0e2d\u0e2d\u0e30\u0e44\u0e23? \u0e40\u0e2d\u0e01\u0e2a\u0e32\u0e23\u0e17\u0e35\u0e48\u0e15\u0e49\u0e2d\u0e07\u0e43\u0e0a\u0e49\u0e21\u0e35\u0e2d\u0e30\u0e44\u0e23\u0e1a\u0e49\u0e32\u0e07? \u0e04\u0e48\u0e32\u0e43\u0e0a\u0e49\u0e08\u0e48\u0e32\u0e22\u0e17\u0e31\u0e49\u0e07\u0e2b\u0e21\u0e14\u0e40\u0e17\u0e48\u0e32\u0e44\u0e2b\u0e23\u0e48? \u0e02\u0e31\u0e49\u0e19\u0e15\u0e2d\u0e19\u0e01\u0e32\u0e23\u0e2a\u0e21\u0e31\u0e04\u0e23\u0e27\u0e35\u0e0b\u0e48\u0e32 \u0e2a\u0e21\u0e31\u0e04\u0e23\u0e01\u0e31\u0e1a DTV Visas \u0e41\u0e25\u0e49\u0e27\u0e44\u0e14\u0e49\u0e2d\u0e30\u0e44\u0e23\u0e40\u0e1e\u0e34\u0e48\u0e21\u0e40\u0e15\u0e34\u0e21? \u2705 \u0e25\u0e2d\u0e07\u0e43\u0e0a\u0e49\u0e40\u0e27\u0e47\u0e1a\u0e44\u0e0b\u0e15\u0e4c ThaiEvisa.go.th \u0e40\u0e1e\u0e37\u0e48\u0e2d\u0e17\u0e33\u0e04\u0e27\u0e32\u0e21\u0e40\u0e02\u0e49\u0e32\u0e43\u0e08\u0e27\u0e48\u0e32\u0e01\u0e32\u0e23\u0e2a\u0e21\u0e31\u0e04\u0e23\u0e2d\u0e2d\u0e19\u0e44\u0e25\u0e19\u0e4c\u0e17\u0e33\u0e44\u0e14\u0e49\u0e2d\u0e22\u0e48\u0e32\u0e07\u0e44\u0e23 \u2705 \u0e14\u0e39\u0e27\u0e34\u0e14\u0e35\u0e42\u0e2d\u0e08\u0e32\u0e01 YouTuber \u0e40\u0e0a\u0e48\u0e19 Chris Parker \u0e17\u0e35\u0e48\u0e40\u0e04\u0e22\u0e41\u0e0a\u0e23\u0e4c\u0e1b\u0e23\u0e30\u0e2a\u0e1a\u0e01\u0e32\u0e23\u0e13\u0e4c\u0e40\u0e01\u0e35\u0e48\u0e22\u0e27\u0e01\u0e31\u0e1a\u0e27\u0e35\u0e0b\u0e48\u0e32 DTV \u2705 \u0e04\u0e49\u0e19\u0e2b\u0e32\u0e02\u0e49\u0e2d\u0e21\u0e39\u0e25\u0e08\u0e32\u0e01\u0e40\u0e27\u0e47\u0e1a\u0e44\u0e0b\u0e15\u0e4c\u0e2a\u0e16\u0e32\u0e19\u0e17\u0e39\u0e15\u0e44\u0e17\u0e22\u0e43\u0e19\u0e1b\u0e23\u0e30\u0e40\u0e17\u0e28\u0e02\u0e2d\u0e07\u0e04\u0e38\u0e13 \u0e42\u0e14\u0e22\u0e1e\u0e34\u0e21\u0e1e\u0e4c\u0e43\u0e19 [&hellip;]<\/p>\n","protected":false},"author":1,"featured_media":0,"parent":0,"menu_order":0,"comment_status":"closed","ping_status":"closed","template":"","meta":{"footnotes":""},"class_list":["post-4550","page","type-page","status-publish","hentry"],"_links":{"self":[{"href":"https:\/\/dtvvisas.com\/de\/wp-json\/wp\/v2\/pages\/4550","targetHints":{"allow":["GET"]}}],"collection":[{"href":"https:\/\/dtvvisas.com\/de\/wp-json\/wp\/v2\/pages"}],"about":[{"href":"https:\/\/dtvvisas.com\/de\/wp-json\/wp\/v2\/types\/page"}],"author":[{"embeddable":true,"href":"https:\/\/dtvvisas.com\/de\/wp-json\/wp\/v2\/users\/1"}],"replies":[{"embeddable":true,"href":"https:\/\/dtvvisas.com\/de\/wp-json\/wp\/v2\/comments?post=4550"}],"version-history":[{"count":16,"href":"https:\/\/dtvvisas.com\/de\/wp-json\/wp\/v2\/pages\/4550\/revisions"}],"predecessor-version":[{"id":4594,"href":"https:\/\/dtvvisas.com\/de\/wp-json\/wp\/v2\/pages\/4550\/revisions\/4594"}],"wp:attachment":[{"href":"https:\/\/dtvvisas.com\/de\/wp-json\/wp\/v2\/media?parent=4550"}],"curies":[{"name":"wp","href":"https:\/\/api.w.org\/{rel}","templated":true}]}}